{"id":23,"date":"2026-01-18T15:13:09","date_gmt":"2026-01-18T14:13:09","guid":{"rendered":"https:\/\/celerace.com\/?page_id=23"},"modified":"2026-02-12T20:15:24","modified_gmt":"2026-02-12T19:15:24","slug":"unterstuetzen","status":"publish","type":"page","link":"https:\/\/celerace.com\/index.php\/hauptseite\/unterstuetzen\/","title":{"rendered":"Unterst\u00fctzen"},"content":{"rendered":"\t\t<div data-elementor-type=\"wp-page\" data-elementor-id=\"23\" class=\"elementor elementor-23\">\n\t\t\t\t<div class=\"elementor-element elementor-element-f01c625 e-flex e-con-boxed wpr-particle-no wpr-jarallax-no wpr-parallax-no wpr-sticky-section-no e-con e-parent\" data-id=\"f01c625\" data-element_type=\"container\" data-e-type=\"container\">\n\t\t\t\t\t<div class=\"e-con-inner\">\n\t\t\t\t<div class=\"elementor-element elementor-element-0fef90c animated-fast e-transform elementor-invisible elementor-widget elementor-widget-heading\" data-id=\"0fef90c\" data-element_type=\"widget\" data-e-type=\"widget\" data-settings=\"{&quot;_animation&quot;:&quot;slideInRight&quot;,&quot;_animation_delay&quot;:200,&quot;_transform_rotateZ_effect&quot;:{&quot;unit&quot;:&quot;px&quot;,&quot;size&quot;:&quot;&quot;,&quot;sizes&quot;:[]},&quot;_transform_rotateZ_effect_tablet&quot;:{&quot;unit&quot;:&quot;deg&quot;,&quot;size&quot;:&quot;&quot;,&quot;sizes&quot;:[]},&quot;_transform_rotateZ_effect_mobile&quot;:{&quot;unit&quot;:&quot;deg&quot;,&quot;size&quot;:&quot;&quot;,&quot;sizes&quot;:[]}}\" data-widget_type=\"heading.default\">\n\t\t\t\t\t<h2 class=\"elementor-heading-title elementor-size-default\">Warum Sponsor werden?<\/h2>\t\t\t\t<\/div>\n\t\t\t\t\t<\/div>\n\t\t\t\t<\/div>\n\t\t<div class=\"elementor-element elementor-element-5d0f75b e-flex e-con-boxed wpr-particle-no wpr-jarallax-no wpr-parallax-no wpr-sticky-section-no e-con e-parent\" data-id=\"5d0f75b\" data-element_type=\"container\" data-e-type=\"container\">\n\t\t\t\t\t<div class=\"e-con-inner\">\n\t\t\t\t<div class=\"elementor-element elementor-element-9b9eec3 elementor-widget elementor-widget-text-editor\" data-id=\"9b9eec3\" data-element_type=\"widget\" data-e-type=\"widget\" data-widget_type=\"text-editor.default\">\n\t\t\t\t\t\t\t\t\t<h3 data-start=\"1828\" data-end=\"1857\">\u00a0<\/h3><p data-start=\"1858\" data-end=\"2008\">Als Sponsor unseres STEMRACE Teams investieren Sie nicht nur in Nachwuchsf\u00f6rderung, sondern in <strong data-start=\"1954\" data-end=\"2007\">Innovation, Sichtbarkeit und Zukunftstechnologien<\/strong>.<\/p><h3 data-start=\"2010\" data-end=\"2030\"><strong data-start=\"2014\" data-end=\"2030\">Ihr Mehrwert<\/strong><\/h3><ul data-start=\"2031\" data-end=\"2322\"><li data-start=\"2031\" data-end=\"2104\"><p data-start=\"2033\" data-end=\"2104\"><strong data-start=\"2033\" data-end=\"2050\">Markenpr\u00e4senz<\/strong> auf Rennwagen, Teamkleidung, Website &amp; Social Media<\/p><\/li><li data-start=\"2105\" data-end=\"2182\"><p data-start=\"2107\" data-end=\"2182\"><strong data-start=\"2107\" data-end=\"2146\">Direkter Kontakt zu jungen Talenten<\/strong> mit Technik- und Wirtschaftsfokus<\/p><\/li><li data-start=\"2183\" data-end=\"2245\"><p data-start=\"2185\" data-end=\"2245\"><strong data-start=\"2185\" data-end=\"2199\">Reichweite<\/strong> bei Wettbewerben, Events und Pr\u00e4sentationen<\/p><\/li><li data-start=\"2246\" data-end=\"2322\"><p data-start=\"2248\" data-end=\"2322\"><strong data-start=\"2248\" data-end=\"2267\">Positives Image<\/strong> durch F\u00f6rderung von Bildung, Innovation &amp; Teamarbeit<\/p><\/li><\/ul><h3 data-start=\"2324\" data-end=\"2346\"><strong data-start=\"2328\" data-end=\"2346\">Was wir bieten<\/strong><\/h3><ul data-start=\"2347\" data-end=\"2574\"><li data-start=\"2347\" data-end=\"2394\"><p data-start=\"2349\" data-end=\"2394\">Logo-Platzierung (je nach Sponsoring-Level)<\/p><\/li><li data-start=\"2395\" data-end=\"2455\"><p data-start=\"2397\" data-end=\"2455\">Nennung in Pr\u00e4sentationen, Pitch-Decks &amp; Presse-Material<\/p><\/li><li data-start=\"2456\" data-end=\"2488\"><p data-start=\"2458\" data-end=\"2488\">Individuelle Sponsorenpakete<\/p><\/li><li data-start=\"2489\" data-end=\"2574\"><p data-start=\"2491\" data-end=\"2574\">Content f\u00fcr Ihre Social-Media-Kan\u00e4le (Fotos, Videos, Einblicke hinter die Kulissen)<\/p><\/li><\/ul><h3 data-start=\"2576\" data-end=\"2598\"><strong data-start=\"2580\" data-end=\"2598\">Was wir suchen<\/strong><\/h3><ul data-start=\"2599\" data-end=\"2704\"><li data-start=\"2599\" data-end=\"2628\"><p data-start=\"2601\" data-end=\"2628\">Finanzielle Unterst\u00fctzung<\/p><\/li><li data-start=\"2629\" data-end=\"2653\"><p data-start=\"2631\" data-end=\"2653\">Technisches Know-how<\/p><\/li><li data-start=\"2654\" data-end=\"2704\"><p data-start=\"2656\" data-end=\"2704\">Materialien, Fertigung, Software oder Beratung<\/p><\/li><\/ul><h3 data-start=\"2706\" data-end=\"2738\"><strong data-start=\"2710\" data-end=\"2738\">Gemeinsam mehr erreichen<\/strong><\/h3><blockquote data-start=\"2739\" data-end=\"2828\"><p data-start=\"2741\" data-end=\"2828\"><strong data-start=\"2741\" data-end=\"2828\">Lassen Sie uns gemeinsam Geschwindigkeit aufnehmen \u2013 auf und neben der Rennstrecke.<\/strong><\/p><\/blockquote><p data-start=\"2830\" data-end=\"2917\">\u00a0<\/p>\t\t\t\t\t\t\t\t<\/div>\n\t\t\t\t\t<\/div>\n\t\t\t\t<\/div>\n\t\t<div class=\"elementor-element elementor-element-5710f7b e-flex e-con-boxed wpr-particle-no wpr-jarallax-no wpr-parallax-no wpr-sticky-section-no e-con e-parent\" data-id=\"5710f7b\" data-element_type=\"container\" data-e-type=\"container\">\n\t\t\t\t\t<div class=\"e-con-inner\">\n\t\t\t\t<div class=\"elementor-element elementor-element-aeb32a2 wpr-button-icon-style-inline wpr-button-icon-position-right elementor-invisible elementor-widget elementor-widget-wpr-button\" data-id=\"aeb32a2\" data-element_type=\"widget\" data-e-type=\"widget\" data-settings=\"{&quot;_animation&quot;:&quot;lightSpeedIn&quot;}\" data-widget_type=\"wpr-button.default\">\n\t\t\t\t\t\t\n\t\t\t\n\t\t\n\t\t<div class=\"wpr-button-wrap elementor-clearfix\">\n\t\t<a class=\"wpr-button wpr-button-effect elementor-animation-skew\" data-text=\"\" href=\"https:\/\/celerace.com\/index.php\/hauptseite\">\n\t\t\t\n\t\t\t<span class=\"wpr-button-content\">\n\t\t\t\t\t\t\t\t\t<span class=\"wpr-button-text\">Start<\/span>\n\t\t\t\t\t\t\t\t\n\t\t\t\t\t\t\t\t\t<span class=\"wpr-button-icon\"><svg class=\"e-font-icon-svg e-fas-angle-right\" viewBox=\"0 0 256 512\" xmlns=\"http:\/\/www.w3.org\/2000\/svg\"><path d=\"M224.3 273l-136 136c-9.4 9.4-24.6 9.4-33.9 0l-22.6-22.6c-9.4-9.4-9.4-24.6 0-33.9l96.4-96.4-96.4-96.4c-9.4-9.4-9.4-24.6 0-33.9L54.3 103c9.4-9.4 24.6-9.4 33.9 0l136 136c9.5 9.4 9.5 24.6.1 34z\"><\/path><\/svg><\/span>\n\t\t\t\t\t\t\t<\/span>\n\t\t<\/a>\n\n\t\t\t\t<\/div>\n\t\n\t\n\t\t\t\t\t<\/div>\n\t\t\t\t\t<\/div>\n\t\t\t\t<\/div>\n\t\t\t\t<\/div>\n\t\t","protected":false},"excerpt":{"rendered":"<p>Warum Sponsor werden? \u00a0 Als Sponsor unseres STEMRACE Teams investieren Sie nicht nur in Nachwuchsf\u00f6rderung, sondern in Innovation, Sichtbarkeit und Zukunftstechnologien. Ihr Mehrwert Markenpr\u00e4senz auf Rennwagen, Teamkleidung, Website &amp; Social Media Direkter Kontakt zu jungen Talenten mit Technik- und Wirtschaftsfokus Reichweite bei Wettbewerben, Events und Pr\u00e4sentationen Positives Image durch F\u00f6rderung von Bildung, Innovation &amp; Teamarbeit Was wir bieten Logo-Platzierung (je nach Sponsoring-Level) Nennung in Pr\u00e4sentationen, Pitch-Decks &amp; Presse-Material Individuelle Sponsorenpakete Content f\u00fcr Ihre Social-Media-Kan\u00e4le (Fotos, Videos, Einblicke hinter die Kulissen) Was wir suchen Finanzielle Unterst\u00fctzung Technisches Know-how Materialien, Fertigung, Software oder Beratung Gemeinsam mehr erreichen Lassen Sie uns gemeinsam Geschwindigkeit aufnehmen \u2013 auf und neben der Rennstrecke. \u00a0 Start<\/p>\n","protected":false},"author":1,"featured_media":0,"parent":21,"menu_order":1,"comment_status":"closed","ping_status":"closed","template":"","meta":{"footnotes":""},"class_list":["post-23","page","type-page","status-publish","hentry"],"acf":[],"_links":{"self":[{"href":"https:\/\/celerace.com\/index.php\/wp-json\/wp\/v2\/pages\/23","targetHints":{"allow":["GET"]}}],"collection":[{"href":"https:\/\/celerace.com\/index.php\/wp-json\/wp\/v2\/pages"}],"about":[{"href":"https:\/\/celerace.com\/index.php\/wp-json\/wp\/v2\/types\/page"}],"author":[{"embeddable":true,"href":"https:\/\/celerace.com\/index.php\/wp-json\/wp\/v2\/users\/1"}],"replies":[{"embeddable":true,"href":"https:\/\/celerace.com\/index.php\/wp-json\/wp\/v2\/comments?post=23"}],"version-history":[{"count":13,"href":"https:\/\/celerace.com\/index.php\/wp-json\/wp\/v2\/pages\/23\/revisions"}],"predecessor-version":[{"id":179,"href":"https:\/\/celerace.com\/index.php\/wp-json\/wp\/v2\/pages\/23\/revisions\/179"}],"up":[{"embeddable":true,"href":"https:\/\/celerace.com\/index.php\/wp-json\/wp\/v2\/pages\/21"}],"wp:attachment":[{"href":"https:\/\/celerace.com\/index.php\/wp-json\/wp\/v2\/media?parent=23"}],"curies":[{"name":"wp","href":"https:\/\/api.w.org\/{rel}","templated":true}]}}