{"id":133,"date":"2026-02-10T21:36:42","date_gmt":"2026-02-10T20:36:42","guid":{"rendered":"https:\/\/celerace.com\/?page_id=133"},"modified":"2026-02-12T20:10:11","modified_gmt":"2026-02-12T19:10:11","slug":"u2","status":"publish","type":"page","link":"https:\/\/celerace.com\/index.php\/hauptseite\/u2\/","title":{"rendered":"Was ist Stem Race"},"content":{"rendered":"\t\t<div data-elementor-type=\"wp-page\" data-elementor-id=\"133\" class=\"elementor elementor-133\">\n\t\t\t\t<div class=\"elementor-element elementor-element-9ab770e e-flex e-con-boxed wpr-particle-no wpr-jarallax-no wpr-parallax-no wpr-sticky-section-no e-con e-parent\" data-id=\"9ab770e\" data-element_type=\"container\" data-e-type=\"container\">\n\t\t\t\t\t<div class=\"e-con-inner\">\n\t\t\t\t<div class=\"elementor-element elementor-element-1fad68a animated-fast e-transform elementor-invisible elementor-widget elementor-widget-heading\" data-id=\"1fad68a\" data-element_type=\"widget\" data-e-type=\"widget\" data-settings=\"{&quot;_animation&quot;:&quot;slideInRight&quot;,&quot;_animation_delay&quot;:200,&quot;_transform_rotateZ_effect&quot;:{&quot;unit&quot;:&quot;px&quot;,&quot;size&quot;:&quot;&quot;,&quot;sizes&quot;:[]},&quot;_transform_rotateZ_effect_tablet&quot;:{&quot;unit&quot;:&quot;deg&quot;,&quot;size&quot;:&quot;&quot;,&quot;sizes&quot;:[]},&quot;_transform_rotateZ_effect_mobile&quot;:{&quot;unit&quot;:&quot;deg&quot;,&quot;size&quot;:&quot;&quot;,&quot;sizes&quot;:[]}}\" data-widget_type=\"heading.default\">\n\t\t\t\t\t<h2 class=\"elementor-heading-title elementor-size-default\">Was ist eigentlich Stem Race?<\/h2>\t\t\t\t<\/div>\n\t\t\t\t\t<\/div>\n\t\t\t\t<\/div>\n\t\t<div class=\"elementor-element elementor-element-3f217e9 e-flex e-con-boxed wpr-particle-no wpr-jarallax-no wpr-parallax-no wpr-sticky-section-no e-con e-parent\" data-id=\"3f217e9\" data-element_type=\"container\" data-e-type=\"container\">\n\t\t\t\t\t<div class=\"e-con-inner\">\n\t\t\t\t<div class=\"elementor-element elementor-element-64dc1a3 elementor-widget elementor-widget-text-editor\" data-id=\"64dc1a3\" data-element_type=\"widget\" data-e-type=\"widget\" data-widget_type=\"text-editor.default\">\n\t\t\t\t\t\t\t\t\t<p><strong>STEM Racing<\/strong> verbindet modernes Lernen mit echtem Motorsport. Unser Team arbeitet wie ein professionelles Rennteam \u2013 <strong>nur im Modellma\u00dfstab.<\/strong><\/p><p>Wir entwickeln, konstruieren und optimieren eigene Rennfahrzeuge und nutzen dabei Werkzeuge und Methoden aus <strong>Naturwissenschaft, Technologie, Ingenieurwesen und Mathematik (STEM)<\/strong>. So wird Technik nicht theoretisch erkl\u00e4rt, sondern direkt erlebt.<\/p><p>Bei <strong>STEM Racing<\/strong> lernen Jugendliche, wie Ingenieurarbeit in der Realit\u00e4t funktioniert: von der digitalen Fahrzeugentwicklung \u00fcber Aerodynamiktests bis hin zur pr\u00e4zisen Zeitmessung. Gleichzeitig \u00fcbernehmen die Teammitglieder <strong>Verantwortung<\/strong> in Bereichen wie Marketing, Teamorganisation und Sponsorenpr\u00e4sentation.<\/p><p>F\u00fcr m\u00f6gliche Partner bedeutet das: Unterst\u00fctzung eines Projekts, das <strong>junge Talente f\u00f6rdert<\/strong>, technisches Interesse st\u00e4rkt und echte Zukunftskompetenzen vermittelt. <strong>Wer STEM Racing unterst\u00fctzt, investiert in Bildung, Innovation und die n\u00e4chste Generation von Ingenieurinnen und Ingenieuren.<\/strong><\/p><div>\u00a0<\/div><div>\u00a0<\/div>\t\t\t\t\t\t\t\t<\/div>\n\t\t\t\t\t<\/div>\n\t\t\t\t<\/div>\n\t\t<div class=\"elementor-element elementor-element-4c9f295 e-flex e-con-boxed wpr-particle-no wpr-jarallax-no wpr-parallax-no wpr-sticky-section-no e-con e-parent\" data-id=\"4c9f295\" data-element_type=\"container\" data-e-type=\"container\">\n\t\t\t\t\t<div class=\"e-con-inner\">\n\t\t\t\t<div class=\"elementor-element elementor-element-9b22d11 wpr-button-icon-style-inline wpr-button-icon-position-right elementor-invisible elementor-widget elementor-widget-wpr-button\" data-id=\"9b22d11\" data-element_type=\"widget\" data-e-type=\"widget\" data-settings=\"{&quot;_animation&quot;:&quot;lightSpeedIn&quot;}\" data-widget_type=\"wpr-button.default\">\n\t\t\t\t\t\t\n\t\t\t\n\t\t\n\t\t<div class=\"wpr-button-wrap elementor-clearfix\">\n\t\t<a class=\"wpr-button wpr-button-effect elementor-animation-skew\" data-text=\"\" href=\"https:\/\/celerace.com\/index.php\/hauptseite\">\n\t\t\t\n\t\t\t<span class=\"wpr-button-content\">\n\t\t\t\t\t\t\t\t\t<span class=\"wpr-button-text\">Start<\/span>\n\t\t\t\t\t\t\t\t\n\t\t\t\t\t\t\t\t\t<span class=\"wpr-button-icon\"><svg class=\"e-font-icon-svg e-fas-angle-right\" viewBox=\"0 0 256 512\" xmlns=\"http:\/\/www.w3.org\/2000\/svg\"><path d=\"M224.3 273l-136 136c-9.4 9.4-24.6 9.4-33.9 0l-22.6-22.6c-9.4-9.4-9.4-24.6 0-33.9l96.4-96.4-96.4-96.4c-9.4-9.4-9.4-24.6 0-33.9L54.3 103c9.4-9.4 24.6-9.4 33.9 0l136 136c9.5 9.4 9.5 24.6.1 34z\"><\/path><\/svg><\/span>\n\t\t\t\t\t\t\t<\/span>\n\t\t<\/a>\n\n\t\t\t\t<\/div>\n\t\n\t\n\t\t\t\t\t<\/div>\n\t\t\t\t\t<\/div>\n\t\t\t\t<\/div>\n\t\t\t\t<\/div>\n\t\t","protected":false},"excerpt":{"rendered":"<p>Was ist eigentlich Stem Race? STEM Racing verbindet modernes Lernen mit echtem Motorsport. Unser Team arbeitet wie ein professionelles Rennteam \u2013 nur im Modellma\u00dfstab. Wir entwickeln, konstruieren und optimieren eigene Rennfahrzeuge und nutzen dabei Werkzeuge und Methoden aus Naturwissenschaft, Technologie, Ingenieurwesen und Mathematik (STEM). So wird Technik nicht theoretisch erkl\u00e4rt, sondern direkt erlebt. Bei STEM Racing lernen Jugendliche, wie Ingenieurarbeit in der Realit\u00e4t funktioniert: von der digitalen Fahrzeugentwicklung \u00fcber Aerodynamiktests bis hin zur pr\u00e4zisen Zeitmessung. Gleichzeitig \u00fcbernehmen die Teammitglieder Verantwortung in Bereichen wie Marketing, Teamorganisation und Sponsorenpr\u00e4sentation. F\u00fcr m\u00f6gliche Partner bedeutet das: Unterst\u00fctzung eines Projekts, das junge Talente f\u00f6rdert, technisches Interesse st\u00e4rkt und echte Zukunftskompetenzen vermittelt. Wer STEM Racing unterst\u00fctzt, investiert in Bildung, Innovation und die n\u00e4chste Generation von Ingenieurinnen und Ingenieuren. \u00a0\u00a0 Start<\/p>\n","protected":false},"author":1,"featured_media":0,"parent":21,"menu_order":0,"comment_status":"closed","ping_status":"closed","template":"","meta":{"footnotes":""},"class_list":["post-133","page","type-page","status-publish","hentry"],"acf":[],"_links":{"self":[{"href":"https:\/\/celerace.com\/index.php\/wp-json\/wp\/v2\/pages\/133","targetHints":{"allow":["GET"]}}],"collection":[{"href":"https:\/\/celerace.com\/index.php\/wp-json\/wp\/v2\/pages"}],"about":[{"href":"https:\/\/celerace.com\/index.php\/wp-json\/wp\/v2\/types\/page"}],"author":[{"embeddable":true,"href":"https:\/\/celerace.com\/index.php\/wp-json\/wp\/v2\/users\/1"}],"replies":[{"embeddable":true,"href":"https:\/\/celerace.com\/index.php\/wp-json\/wp\/v2\/comments?post=133"}],"version-history":[{"count":16,"href":"https:\/\/celerace.com\/index.php\/wp-json\/wp\/v2\/pages\/133\/revisions"}],"predecessor-version":[{"id":172,"href":"https:\/\/celerace.com\/index.php\/wp-json\/wp\/v2\/pages\/133\/revisions\/172"}],"up":[{"embeddable":true,"href":"https:\/\/celerace.com\/index.php\/wp-json\/wp\/v2\/pages\/21"}],"wp:attachment":[{"href":"https:\/\/celerace.com\/index.php\/wp-json\/wp\/v2\/media?parent=133"}],"curies":[{"name":"wp","href":"https:\/\/api.w.org\/{rel}","templated":true}]}}